{"id":4097,"date":"2022-12-21T13:47:18","date_gmt":"2022-12-21T12:47:18","guid":{"rendered":"https:\/\/www.casaturchetti.com\/contatti\/"},"modified":"2023-03-06T12:56:07","modified_gmt":"2023-03-06T11:56:07","slug":"contacts","status":"publish","type":"page","link":"https:\/\/www.casaturchetti.com\/de\/contacts\/","title":{"rendered":"Contacts"},"content":{"rendered":"\t\t<div data-elementor-type=\"wp-page\" data-elementor-id=\"4097\" class=\"elementor elementor-4097\">\n\t\t\t\t\t\t\t\t\t<section class=\"elementor-section elementor-top-section elementor-element elementor-element-550c306 elementor-section-full_width elementor-section-height-default elementor-section-height-default\" data-id=\"550c306\" data-element_type=\"section\">\n\t\t\t\t\t\t<div class=\"elementor-container elementor-column-gap-no\">\n\t\t\t\t\t<div class=\"elementor-column elementor-col-100 elementor-top-column elementor-element elementor-element-77d1bef\" data-id=\"77d1bef\" data-element_type=\"column\">\n\t\t\t<div class=\"elementor-widget-wrap elementor-element-populated\">\n\t\t\t\t\t\t\t\t<div class=\"elementor-element elementor-element-bee56e8 elementor-align-left contatti-header elementor-widget elementor-widget-pages-banner\" data-id=\"bee56e8\" data-element_type=\"widget\" data-widget_type=\"pages-banner.default\">\n\t\t\t\t<div class=\"elementor-widget-container\">\n\t\t\t\r\n\t\t\t\t<div class=\"banner-header section-padding valign bg-img bg-fixed\" data-overlay-dark=\"4\" data-background=\"https:\/\/www.casaturchetti.com\/wp-content\/uploads\/2022\/12\/casa-turchetti-contatti-header.jpg\">\r\n\t\t\t\t\t<div class=\"container\">\r\n\t\t\t\t<div class=\"row\">\r\n\t\t\t\t\t<div class=\"col-md-12 caption mt-90\">\r\n\t\t\t\t\t\t\t\t\t\t\t\t<h5>Casa Turchetti B&amp;B \u2013 Boutique Hotel<\/h5>\r\n\t\t\t\t\t\t\t\t\t\t\t\t\t\t\t\t\t\t<h1>Contacts<\/h1>\r\n\t\t\t\t\t\t\t\t\t\t\t<\/div>\r\n\t\t\t\t<\/div>\r\n\t\t\t<\/div>\r\n\t\t<\/div>\r\n\r\n\t\t\t<\/div>\n\t\t\t\t<\/div>\n\t\t\t\t\t<\/div>\n\t\t<\/div>\n\t\t\t\t\t\t\t<\/div>\n\t\t<\/section>\n\t\t\t\t<section class=\"elementor-section elementor-top-section elementor-element elementor-element-fb25961 elementor-section-full_width elementor-section-height-default elementor-section-height-default\" data-id=\"fb25961\" data-element_type=\"section\">\n\t\t\t\t\t\t<div class=\"elementor-container elementor-column-gap-no\">\n\t\t\t\t\t<div class=\"elementor-column elementor-col-100 elementor-top-column elementor-element elementor-element-9394148\" data-id=\"9394148\" data-element_type=\"column\">\n\t\t\t<div class=\"elementor-widget-wrap elementor-element-populated\">\n\t\t\t\t\t\t\t\t<div class=\"elementor-element elementor-element-712735d elementor-align-left contatti-black-text elementor-widget elementor-widget-pages-contact\" data-id=\"712735d\" data-element_type=\"widget\" data-widget_type=\"pages-contact.default\">\n\t\t\t\t<div class=\"elementor-widget-container\">\n\t\t\t\r\n\t\t<section class=\"contact section-padding\">\r\n\t\t\t<div class=\"container\">\r\n\t\t\t\t<div class=\"row mb-90\">\r\n\t\t\t\t\t<div class=\"col-md-6 mb-60\">\r\n\t\t\t\t\t\t\t\t\t\t\t\t<h3>Casa Turchetti befindet sich in\n<br \/>\nTaormina, in der Provinz Messina.<\/h3>\r\n\t\t\t\t\t\t\t\t\t\t\t\t\t\t\t\t\t\t\t\t\t\t\t\t<div class=\"reservations mb-30\">\r\n\t\t\t\t\t\t\t\t\t\t\t\t\t\t<div class=\"icon\"><span class=\"flaticon-location-pin\"><\/span><\/div>\r\n\t\t\t\t\t\t\t\t\t\t\t\t\t\t\t\t\t\t\t\t\t<div class=\"text\">\r\n\t\t\t\t\t\t\t\t<p>Wo wir sind<\/p> <span class=\"no-link-size\">Salita dei Gracchi 18\/20\n<br>Taormina (ME), Sicilia<\/span>\t\t\t\t\t\t\t<\/div>\r\n\t\t\t\t\t\t\t\t\t\t\t\t\t<\/div>\r\n\t\t\t\t\t\t\t\t\t\t\t\t<div class=\"reservations mb-30\">\r\n\t\t\t\t\t\t\t\t\t\t\t\t\t\t<div class=\"icon\"><span class=\"flaticon-call\"><\/span><\/div>\r\n\t\t\t\t\t\t\t\t\t\t\t\t\t\t\t\t\t\t\t\t\t<div class=\"text\">\r\n\t\t\t\t\t\t\t\t<p>Telefon<\/p> <a href=\"tel:+390942625013\">+39 0942 625 013<\/a>\t\t\t\t\t\t\t<\/div>\r\n\t\t\t\t\t\t\t\t\t\t\t\t\t<\/div>\r\n\t\t\t\t\t\t\t\t\t\t\t\t<div class=\"reservations mb-30\">\r\n\t\t\t\t\t\t\t\t\t\t\t\t\t\t<div class=\"icon\"><span class=\"flaticon-envelope\"><\/span><\/div>\r\n\t\t\t\t\t\t\t\t\t\t\t\t\t\t\t\t\t\t\t\t\t<div class=\"text\">\r\n\t\t\t\t\t\t\t\t<p>E-mail<\/p> <a href=\"mailto:info@casaturchetti.com\">info@casaturchetti.com<\/a>\t\t\t\t\t\t\t<\/div>\r\n\t\t\t\t\t\t\t\t\t\t\t\t\t<\/div>\r\n\t\t\t\t\t\t\t\t\t\t\t<\/div>\r\n\t\t\t\t\t<div class=\"col-md-5 mb-30 offset-md-1\">\r\n\t\t\t\t\t\t\t\t\t\t\t\t\t\t\t\t\t\t\n<div class=\"wpcf7 no-js\" id=\"wpcf7-f4030-o1\" lang=\"en-US\" dir=\"ltr\">\n<div class=\"screen-reader-response\"><p role=\"status\" aria-live=\"polite\" aria-atomic=\"true\"><\/p> <ul><\/ul><\/div>\n<form action=\"\/de\/wp-json\/wp\/v2\/pages\/4097#wpcf7-f4030-o1\" method=\"post\" class=\"wpcf7-form init\" aria-label=\"Contact form\" novalidate=\"novalidate\" data-status=\"init\">\n<div style=\"display: none;\">\n<input type=\"hidden\" name=\"_wpcf7\" value=\"4030\" \/>\n<input type=\"hidden\" name=\"_wpcf7_version\" value=\"5.7.7\" \/>\n<input type=\"hidden\" name=\"_wpcf7_locale\" value=\"en_US\" \/>\n<input type=\"hidden\" name=\"_wpcf7_unit_tag\" value=\"wpcf7-f4030-o1\" \/>\n<input type=\"hidden\" name=\"_wpcf7_container_post\" value=\"0\" \/>\n<input type=\"hidden\" name=\"_wpcf7_posted_data_hash\" value=\"\" \/>\n<input type=\"hidden\" name=\"_wpcf7_recaptcha_response\" value=\"\" \/>\n<\/div>\n<div class=\"row\">\n\t<div class=\"col-md-6 form-group\">\n\t\t<p><span class=\"wpcf7-form-control-wrap\" data-name=\"your-name\"><input size=\"40\" class=\"wpcf7-form-control wpcf7-text wpcf7-validates-as-required\" aria-required=\"true\" aria-invalid=\"false\" placeholder=\"Name und Nachname *\" value=\"\" type=\"text\" name=\"your-name\" \/><\/span>\n\t\t<\/p>\n\t<\/div>\n\t<div class=\"col-md-6 form-group\">\n\t\t<p><span class=\"wpcf7-form-control-wrap\" data-name=\"your-email\"><input size=\"40\" class=\"wpcf7-form-control wpcf7-text wpcf7-email wpcf7-validates-as-required wpcf7-validates-as-email\" aria-required=\"true\" aria-invalid=\"false\" placeholder=\"E-Mail-Addresse *\" value=\"\" type=\"email\" name=\"your-email\" \/><\/span>\n\t\t<\/p>\n\t<\/div>\n\t<div class=\"col-md-12 form-group\">\n\t\t<p><span class=\"wpcf7-form-control-wrap\" data-name=\"your-message\"><textarea cols=\"40\" rows=\"10\" class=\"wpcf7-form-control wpcf7-textarea wpcf7-validates-as-required\" id=\"message\" aria-required=\"true\" aria-invalid=\"false\" placeholder=\"Ihre Nachricht hier *\" name=\"your-message\"><\/textarea><\/span>\n\t\t<\/p>\n\t<\/div>\n\t<div class=\"col-md-12 policy-block\">\n\t\t<p><span class=\"wpcf7-form-control-wrap\" data-name=\"privacy_policy\"><span class=\"wpcf7-form-control wpcf7-acceptance\"><span class=\"wpcf7-list-item\"><label><input type=\"checkbox\" name=\"privacy_policy\" value=\"1\" class=\"privacy_policy\" aria-invalid=\"false\" \/><span class=\"wpcf7-list-item-label\"><a data-fancybox=\"\" data-type=\"iframe\" href=\"https:\/\/www.casaturchetti.com\/policy\/privacy_de.php\" class=\"policy\" target=\"_blank\"> Ich genehmige die Verarbeitung personenbezogener Daten im Namen der Kunst. 7 des Gesetzes 196\/2003 (EU GDPR)<\/a><\/span><\/label><\/span><\/span><\/span>\n\t\t<\/p>\n\t<\/div>\n\t<div class=\"col-md-12\">\n\t\t<p><input class=\"wpcf7-form-control has-spinner wpcf7-submit butn-dark\" type=\"submit\" value=\"Nachricht senden\" \/>\n\t\t<\/p>\n\t<\/div>\n<\/div><div class=\"wpcf7-response-output\" aria-hidden=\"true\"><\/div>\n<\/form>\n<\/div>\n\t\t\t\t\t\t\t\t\t\t\t<\/div>\r\n\t\t\t\t<\/div>\r\n\t\t\t\t<!-- Map Section -->\r\n\t\t\t\t\t\t\t\t<div class=\"row\">\r\n\t\t\t\t\t<div class=\"col-md-12 map animate-box\" data-animate-effect=\"fadeInUp\">\r\n\t\t\t\t\t\t<iframe src=\"https:\/\/www.google.com\/maps\/embed?pb=!1m14!1m8!1m3!1d12601.370230092229!2d15.2860164!3d37.8522744!3m2!1i1024!2i768!4f13.1!3m3!1m2!1s0x0%3A0x5d7e5f6c02f37d92!2sCasa%20Turchetti%20-%20Boutique%20B%26B%20in%20Taormina%20-%20Maison%20de%20Charme!5e0!3m2!1sit!2sit!4v1671626950327!5m2!1sit!2sit\" width=\"100%\" height=\"600\" style=\"border:0;\" allowfullscreen=\"\" loading=\"lazy\"><\/iframe>\r\n\t\t\t\t\t<\/div>\r\n\t\t\t\t<\/div>\r\n\t\t\t\t\t\t\t<\/div>\r\n\t\t<\/section>\r\n\t\t\r\n\r\n\t\t\t<\/div>\n\t\t\t\t<\/div>\n\t\t\t\t\t<\/div>\n\t\t<\/div>\n\t\t\t\t\t\t\t<\/div>\n\t\t<\/section>\n\t\t\t\t<section class=\"elementor-section elementor-top-section elementor-element elementor-element-070c27b elementor-section-full_width elementor-section-height-default elementor-section-height-default\" data-id=\"070c27b\" data-element_type=\"section\">\n\t\t\t\t\t\t<div class=\"elementor-container elementor-column-gap-no\">\n\t\t\t\t\t<div class=\"elementor-column elementor-col-100 elementor-top-column elementor-element elementor-element-5d657c2\" data-id=\"5d657c2\" data-element_type=\"column\">\n\t\t\t<div class=\"elementor-widget-wrap elementor-element-populated\">\n\t\t\t\t\t\t\t\t<div class=\"elementor-element elementor-element-1857a68 elementor-align-left elementor-widget elementor-widget-pages-faq\" data-id=\"1857a68\" data-element_type=\"widget\" data-widget_type=\"pages-faq.default\">\n\t\t\t\t<div class=\"elementor-widget-container\">\n\t\t\t\r\n\t\t\t\t<section class=\"section-padding bg-cream\">\r\n\t\t \r\n\t\t\t<div class=\"container\">\r\n\t\t\t\t<div class=\"row\">\r\n\t\t\t\t\t<div class=\"col-md-12\">\r\n\t\t\t\t\t\t\t\t\t\t\t\t\t<div class=\"section-subtitle\">Casa Turchetti B&amp;B \u2013 Boutique Hotel<\/div>\r\n\t\t\t\t\t\t\t\t\t\t\t\t\t\t\t\t\t\t\t<div class=\"section-title\">So erreichen Sie uns<\/div>\r\n\t\t\t\t\t\t\t\t\t\t\t<\/div>\r\n\t\t\t\t\t<div class=\"col-md-12\">\r\n\t\t\t\t\t\t<ul class=\"accordion-box clearfix\">\r\n\t\t\t\t\t\t\t\t\t\t\t\t\t\t\t<li class=\"accordion block\">\r\n\t\t\t\t\t\t\t\t\t\t\t\t\t\t\t\t\t\t\t<div class=\"acc-btn\">Mit dem Flugzeug<\/div>\r\n\t\t\t\t\t\t\t\t\t\t\t\t\t\t\t\t\t\t\t\t\t\t\t\t\t\t\t\t<div class=\"acc-content\">\r\n\t\t\t\t\t\t\t\t\t\t\t<div class=\"content\">\r\n\t\t\t\t\t\t\t\t\t\t\t\t<div class=\"text\">Es ist m\u00f6glich, Taormina \u00fcber die Flugh\u00e4fen Catania-Fontanarossa (direkt mit einem direkten Bus verbunden) und Palermo Falcone-Borsellino (vom Bahnhof aus ist es m\u00f6glich, Taormina mit dem Bus zu erreichen) zu erreichen. Autovermietungen sind an beiden Flugh\u00e4fen verf\u00fcgbar.<\/div>\r\n\t\t\t\t\t\t\t\t\t\t\t<\/div>\r\n\t\t\t\t\t\t\t\t\t\t<\/div>\r\n\t\t\t\t\t\t\t\t\t\t\t\t\t\t\t\t\t<\/li>\r\n\t\t\t\t\t\t\t\t\t\t\t\t\t\t\t<li class=\"accordion block\">\r\n\t\t\t\t\t\t\t\t\t\t\t\t\t\t\t\t\t\t\t<div class=\"acc-btn\">Mit dem Auto<\/div>\r\n\t\t\t\t\t\t\t\t\t\t\t\t\t\t\t\t\t\t\t\t\t\t\t\t\t\t\t\t<div class=\"acc-content\">\r\n\t\t\t\t\t\t\t\t\t\t\t<div class=\"content\">\r\n\t\t\t\t\t\t\t\t\t\t\t\t<div class=\"text\"><ul>\n<li>von Messina: Richtung Catania auf der Autobahn bis zur Ausfahrt Taormina;<\/li>\n<li>von Catania: Richtung Messina auf der Autobahn bis zur Ausfahrt Taormina;<\/li>\n<li>von Palermo: Richtung Catania und dann Richtung Messina auf der Autobahn bis zur Ausfahrt Taormina<\/li>\n<\/ul><\/div>\r\n\t\t\t\t\t\t\t\t\t\t\t<\/div>\r\n\t\t\t\t\t\t\t\t\t\t<\/div>\r\n\t\t\t\t\t\t\t\t\t\t\t\t\t\t\t\t\t<\/li>\r\n\t\t\t\t\t\t\t\t\t\t\t\t\t\t\t<li class=\"accordion block\">\r\n\t\t\t\t\t\t\t\t\t\t\t\t\t\t\t\t\t\t\t<div class=\"acc-btn\">Mit dem Schiff<\/div>\r\n\t\t\t\t\t\t\t\t\t\t\t\t\t\t\t\t\t\t\t\t\t\t\t\t\t\t\t\t<div class=\"acc-content\">\r\n\t\t\t\t\t\t\t\t\t\t\t<div class=\"content\">\r\n\t\t\t\t\t\t\t\t\t\t\t\t<div class=\"text\">Es ist m\u00f6glich, Sizilien von den H\u00e4fen Catania und Palermo aus zu erreichen.<\/div>\r\n\t\t\t\t\t\t\t\t\t\t\t<\/div>\r\n\t\t\t\t\t\t\t\t\t\t<\/div>\r\n\t\t\t\t\t\t\t\t\t\t\t\t\t\t\t\t\t<\/li>\r\n\t\t\t\t\t\t\t\t\t\t\t\t\t<\/ul>\r\n\t\t\t\t\t<\/div>\r\n\t\t\t\t<\/div>\r\n\t\t\t<\/div>\r\n\t\t<\/section>\r\n\r\n\t\t\t<\/div>\n\t\t\t\t<\/div>\n\t\t\t\t\t<\/div>\n\t\t<\/div>\n\t\t\t\t\t\t\t<\/div>\n\t\t<\/section>\n\t\t\t\t\t\t\t<\/div>\n\t\t","protected":false},"excerpt":{"rendered":"<p>Casa Turchetti B&amp;B \u2013 Boutique Hotel Contacts Casa Turchetti befindet sich in Taormina, in der Provinz Messina. Wo wir sind Salita dei Gracchi 18\/20 Taormina (ME), Sicilia Telefon +39 0942 625 013 E-mail info@casaturchetti.com Ich genehmige die Verarbeitung personenbezogener Daten im Namen der Kunst. 7 des Gesetzes 196\/2003 (EU GDPR) Casa Turchetti B&amp;B \u2013 Boutique [&hellip;]<\/p>\n","protected":false},"author":1,"featured_media":0,"parent":0,"menu_order":0,"comment_status":"closed","ping_status":"closed","template":"page-templates\/home.php","meta":[],"yoast_head":"<!-- This site is optimized with the Yoast SEO plugin v21.1 - https:\/\/yoast.com\/wordpress\/plugins\/seo\/ -->\n<title>Kontaktieren Sie uns \u2013 Casa Turchetti B&amp;B \u2013 Boutique Hotel Taormina<\/title>\n<meta name=\"description\" content=\"Casa Turchetti befindet sich in Taormina, in der Provinz Messina\" \/>\n<meta name=\"robots\" content=\"index, follow, max-snippet:-1, max-image-preview:large, max-video-preview:-1\" \/>\n<link rel=\"canonical\" href=\"https:\/\/www.casaturchetti.com\/de\/contacts\/\" \/>\n<meta property=\"og:locale\" content=\"de_DE\" \/>\n<meta property=\"og:type\" content=\"article\" \/>\n<meta property=\"og:title\" content=\"Kontaktieren Sie uns \u2013 Casa Turchetti B&amp;B \u2013 Boutique Hotel Taormina\" \/>\n<meta property=\"og:description\" content=\"Casa Turchetti befindet sich in Taormina, in der Provinz Messina\" \/>\n<meta property=\"og:url\" content=\"https:\/\/www.casaturchetti.com\/de\/contacts\/\" \/>\n<meta property=\"og:site_name\" content=\"Casa Turchetti - Luxury B&amp;B\" \/>\n<meta property=\"article:modified_time\" content=\"2023-03-06T11:56:07+00:00\" \/>\n<meta name=\"twitter:card\" content=\"summary_large_image\" \/>\n<meta name=\"twitter:label1\" content=\"Est. reading time\" \/>\n\t<meta name=\"twitter:data1\" content=\"1 Minute\" \/>\n<script type=\"application\/ld+json\" class=\"yoast-schema-graph\">{\"@context\":\"https:\/\/schema.org\",\"@graph\":[{\"@type\":\"WebPage\",\"@id\":\"https:\/\/www.casaturchetti.com\/de\/contacts\/\",\"url\":\"https:\/\/www.casaturchetti.com\/de\/contacts\/\",\"name\":\"Kontaktieren Sie uns \u2013 Casa Turchetti B&B \u2013 Boutique Hotel Taormina\",\"isPartOf\":{\"@id\":\"https:\/\/www.casaturchetti.com\/#website\"},\"datePublished\":\"2022-12-21T12:47:18+00:00\",\"dateModified\":\"2023-03-06T11:56:07+00:00\",\"description\":\"Casa Turchetti befindet sich in Taormina, in der Provinz Messina\",\"inLanguage\":\"de-DE\",\"potentialAction\":[{\"@type\":\"ReadAction\",\"target\":[\"https:\/\/www.casaturchetti.com\/de\/contacts\/\"]}]},{\"@type\":\"WebSite\",\"@id\":\"https:\/\/www.casaturchetti.com\/#website\",\"url\":\"https:\/\/www.casaturchetti.com\/\",\"name\":\"Casa Turchetti - Luxury B&amp;B\",\"description\":\"\",\"potentialAction\":[{\"@type\":\"SearchAction\",\"target\":{\"@type\":\"EntryPoint\",\"urlTemplate\":\"https:\/\/www.casaturchetti.com\/?s={search_term_string}\"},\"query-input\":\"required name=search_term_string\"}],\"inLanguage\":\"de-DE\"}]}<\/script>\n<!-- \/ Yoast SEO plugin. -->","yoast_head_json":{"title":"Kontaktieren Sie uns \u2013 Casa Turchetti B&B \u2013 Boutique Hotel Taormina","description":"Casa Turchetti befindet sich in Taormina, in der Provinz Messina","robots":{"index":"index","follow":"follow","max-snippet":"max-snippet:-1","max-image-preview":"max-image-preview:large","max-video-preview":"max-video-preview:-1"},"canonical":"https:\/\/www.casaturchetti.com\/de\/contacts\/","og_locale":"de_DE","og_type":"article","og_title":"Kontaktieren Sie uns \u2013 Casa Turchetti B&B \u2013 Boutique Hotel Taormina","og_description":"Casa Turchetti befindet sich in Taormina, in der Provinz Messina","og_url":"https:\/\/www.casaturchetti.com\/de\/contacts\/","og_site_name":"Casa Turchetti - Luxury B&amp;B","article_modified_time":"2023-03-06T11:56:07+00:00","twitter_card":"summary_large_image","twitter_misc":{"Est. reading time":"1 Minute"},"schema":{"@context":"https:\/\/schema.org","@graph":[{"@type":"WebPage","@id":"https:\/\/www.casaturchetti.com\/de\/contacts\/","url":"https:\/\/www.casaturchetti.com\/de\/contacts\/","name":"Kontaktieren Sie uns \u2013 Casa Turchetti B&B \u2013 Boutique Hotel Taormina","isPartOf":{"@id":"https:\/\/www.casaturchetti.com\/#website"},"datePublished":"2022-12-21T12:47:18+00:00","dateModified":"2023-03-06T11:56:07+00:00","description":"Casa Turchetti befindet sich in Taormina, in der Provinz Messina","inLanguage":"de-DE","potentialAction":[{"@type":"ReadAction","target":["https:\/\/www.casaturchetti.com\/de\/contacts\/"]}]},{"@type":"WebSite","@id":"https:\/\/www.casaturchetti.com\/#website","url":"https:\/\/www.casaturchetti.com\/","name":"Casa Turchetti - Luxury B&amp;B","description":"","potentialAction":[{"@type":"SearchAction","target":{"@type":"EntryPoint","urlTemplate":"https:\/\/www.casaturchetti.com\/?s={search_term_string}"},"query-input":"required name=search_term_string"}],"inLanguage":"de-DE"}]}},"_links":{"self":[{"href":"https:\/\/www.casaturchetti.com\/de\/wp-json\/wp\/v2\/pages\/4097"}],"collection":[{"href":"https:\/\/www.casaturchetti.com\/de\/wp-json\/wp\/v2\/pages"}],"about":[{"href":"https:\/\/www.casaturchetti.com\/de\/wp-json\/wp\/v2\/types\/page"}],"author":[{"embeddable":true,"href":"https:\/\/www.casaturchetti.com\/de\/wp-json\/wp\/v2\/users\/1"}],"replies":[{"embeddable":true,"href":"https:\/\/www.casaturchetti.com\/de\/wp-json\/wp\/v2\/comments?post=4097"}],"version-history":[{"count":7,"href":"https:\/\/www.casaturchetti.com\/de\/wp-json\/wp\/v2\/pages\/4097\/revisions"}],"predecessor-version":[{"id":4117,"href":"https:\/\/www.casaturchetti.com\/de\/wp-json\/wp\/v2\/pages\/4097\/revisions\/4117"}],"wp:attachment":[{"href":"https:\/\/www.casaturchetti.com\/de\/wp-json\/wp\/v2\/media?parent=4097"}],"curies":[{"name":"wp","href":"https:\/\/api.w.org\/{rel}","templated":true}]}}